{"id":701,"date":"2024-08-30T11:02:02","date_gmt":"2024-08-30T09:02:02","guid":{"rendered":"https:\/\/ekamikillat.fi\/datakilta\/?page_id=701"},"modified":"2024-08-30T12:37:43","modified_gmt":"2024-08-30T10:37:43","slug":"projektit","status":"publish","type":"page","link":"https:\/\/ekamikillat.fi\/datakilta\/index.php\/projektit\/","title":{"rendered":"Projektit"},"content":{"rendered":"\t\t<div data-elementor-type=\"wp-page\" data-elementor-id=\"701\" class=\"elementor elementor-701\">\n\t\t\t\t\t\t<section class=\"elementor-section elementor-top-section elementor-element elementor-element-dce811c elementor-section-boxed elementor-section-height-default elementor-section-height-default\" data-id=\"dce811c\" data-element_type=\"section\">\n\t\t\t\t\t\t<div class=\"elementor-container elementor-column-gap-default\">\n\t\t\t\t\t<div class=\"elementor-column elementor-col-100 elementor-top-column elementor-element elementor-element-2757414\" data-id=\"2757414\" data-element_type=\"column\">\n\t\t\t<div class=\"elementor-widget-wrap elementor-element-populated\">\n\t\t\t\t\t\t<div class=\"elementor-element elementor-element-9c7ae71 elementor-widget elementor-widget-text-editor\" data-id=\"9c7ae71\" data-element_type=\"widget\" data-widget_type=\"text-editor.default\">\n\t\t\t\t<div class=\"elementor-widget-container\">\n\t\t\t\t\t\t\t<h1>Projektit<\/h1><p>Datakilta Haminan Tieto-ja viestint\u00e4tekniikan opiskelijat tekev\u00e4t opiskelujen aikana yritysten ja yhteis\u00f6jen toimeksiantoina projektit\u00f6it\u00e4, stipendi, osa-aikaty\u00f6 tai ty\u00f6harjoittelu periaatteella.<\/p><p>Vuosittain projekteja tehd\u00e4\u00e4n noin 20- 30 kappaletta.<\/p>\t\t\t\t\t\t<\/div>\n\t\t\t\t<\/div>\n\t\t\t\t\t<\/div>\n\t\t<\/div>\n\t\t\t\t\t<\/div>\n\t\t<\/section>\n\t\t\t\t<\/div>\n\t\t","protected":false},"excerpt":{"rendered":"<p>Projektit Datakilta Haminan Tieto-ja viestint\u00e4tekniikan opiskelijat tekev\u00e4t opiskelujen aikana yritysten ja yhteis\u00f6jen toimeksiantoina projektit\u00f6it\u00e4, stipendi, osa-aikaty\u00f6 tai ty\u00f6harjoittelu periaatteella. Vuosittain projekteja tehd\u00e4\u00e4n noin 20- 30 kappaletta.<\/p>\n","protected":false},"author":1,"featured_media":0,"parent":0,"menu_order":0,"comment_status":"closed","ping_status":"closed","template":"","meta":{"_uag_custom_page_level_css":"","site-sidebar-layout":"no-sidebar","site-content-layout":"page-builder","ast-site-content-layout":"full-width-container","site-content-style":"default","site-sidebar-style":"default","ast-global-header-display":"","ast-banner-title-visibility":"","ast-main-header-display":"","ast-hfb-above-header-display":"","ast-hfb-below-header-display":"","ast-hfb-mobile-header-display":"","site-post-title":"disabled","ast-breadcrumbs-content":"","ast-featured-img":"disabled","footer-sml-layout":"","theme-transparent-header-meta":"","adv-header-id-meta":"","stick-header-meta":"","header-above-stick-meta":"","header-main-stick-meta":"","header-below-stick-meta":"","astra-migrate-meta-layouts":"set","ast-page-background-enabled":"default","ast-page-background-meta":{"desktop":{"background-color":"var(--ast-global-color-4)","background-image":"","background-repeat":"repeat","background-position":"center center","background-size":"auto","background-attachment":"scroll","background-type":"","background-media":"","overlay-type":"","overlay-color":"","overlay-opacity":"","overlay-gradient":""},"tablet":{"background-color":"","background-image":"","background-repeat":"repeat","background-position":"center center","background-size":"auto","background-attachment":"scroll","background-type":"","background-media":"","overlay-type":"","overlay-color":"","overlay-opacity":"","overlay-gradient":""},"mobile":{"background-color":"","background-image":"","background-repeat":"repeat","background-position":"center center","background-size":"auto","background-attachment":"scroll","background-type":"","background-media":"","overlay-type":"","overlay-color":"","overlay-opacity":"","overlay-gradient":""}},"ast-content-background-meta":{"desktop":{"background-color":"var(--ast-global-color-5)","background-image":"","background-repeat":"repeat","background-position":"center center","background-size":"auto","background-attachment":"scroll","background-type":"","background-media":"","overlay-type":"","overlay-color":"","overlay-opacity":"","overlay-gradient":""},"tablet":{"background-color":"var(--ast-global-color-5)","background-image":"","background-repeat":"repeat","background-position":"center center","background-size":"auto","background-attachment":"scroll","background-type":"","background-media":"","overlay-type":"","overlay-color":"","overlay-opacity":"","overlay-gradient":""},"mobile":{"background-color":"var(--ast-global-color-5)","background-image":"","background-repeat":"repeat","background-position":"center center","background-size":"auto","background-attachment":"scroll","background-type":"","background-media":"","overlay-type":"","overlay-color":"","overlay-opacity":"","overlay-gradient":""}},"ngg_post_thumbnail":0,"footnotes":""},"class_list":["post-701","page","type-page","status-publish","hentry"],"uagb_featured_image_src":{"full":false,"thumbnail":false,"medium":false,"medium_large":false,"large":false,"1536x1536":false,"2048x2048":false,"wpvr_mobile":false},"uagb_author_info":{"display_name":"datakilta","author_link":"https:\/\/ekamikillat.fi\/datakilta\/index.php\/author\/datakilta\/"},"uagb_comment_info":0,"uagb_excerpt":"Projektit Datakilta Haminan Tieto-ja viestint\u00e4tekniikan opiskelijat tekev\u00e4t opiskelujen aikana yritysten ja yhteis\u00f6jen toimeksiantoina projektit\u00f6it\u00e4, stipendi, osa-aikaty\u00f6 tai ty\u00f6harjoittelu periaatteella. Vuosittain projekteja tehd\u00e4\u00e4n noin 20- 30 kappaletta.","_links":{"self":[{"href":"https:\/\/ekamikillat.fi\/datakilta\/index.php\/wp-json\/wp\/v2\/pages\/701","targetHints":{"allow":["GET"]}}],"collection":[{"href":"https:\/\/ekamikillat.fi\/datakilta\/index.php\/wp-json\/wp\/v2\/pages"}],"about":[{"href":"https:\/\/ekamikillat.fi\/datakilta\/index.php\/wp-json\/wp\/v2\/types\/page"}],"author":[{"embeddable":true,"href":"https:\/\/ekamikillat.fi\/datakilta\/index.php\/wp-json\/wp\/v2\/users\/1"}],"replies":[{"embeddable":true,"href":"https:\/\/ekamikillat.fi\/datakilta\/index.php\/wp-json\/wp\/v2\/comments?post=701"}],"version-history":[{"count":7,"href":"https:\/\/ekamikillat.fi\/datakilta\/index.php\/wp-json\/wp\/v2\/pages\/701\/revisions"}],"predecessor-version":[{"id":724,"href":"https:\/\/ekamikillat.fi\/datakilta\/index.php\/wp-json\/wp\/v2\/pages\/701\/revisions\/724"}],"wp:attachment":[{"href":"https:\/\/ekamikillat.fi\/datakilta\/index.php\/wp-json\/wp\/v2\/media?parent=701"}],"curies":[{"name":"wp","href":"https:\/\/api.w.org\/{rel}","templated":true}]}}