{"id":572,"date":"2023-03-30T10:29:19","date_gmt":"2023-03-30T08:29:19","guid":{"rendered":"https:\/\/ekamikillat.fi\/datakilta\/?page_id=572"},"modified":"2023-03-30T10:54:47","modified_gmt":"2023-03-30T08:54:47","slug":"lego-brick-kayton-aloitus-2","status":"publish","type":"page","link":"https:\/\/ekamikillat.fi\/datakilta\/index.php\/lego-brick-kayton-aloitus-2\/","title":{"rendered":"Lego Brick \u2013 K\u00e4yt\u00f6n aloitus"},"content":{"rendered":"\t\t<div data-elementor-type=\"wp-page\" data-elementor-id=\"572\" class=\"elementor elementor-572\">\n\t\t\t\t\t\t<section class=\"elementor-section elementor-top-section elementor-element elementor-element-0a209af elementor-section-boxed elementor-section-height-default elementor-section-height-default\" data-id=\"0a209af\" data-element_type=\"section\">\n\t\t\t\t\t\t<div class=\"elementor-container elementor-column-gap-default\">\n\t\t\t\t\t<div class=\"elementor-column elementor-col-100 elementor-top-column elementor-element elementor-element-246279e\" data-id=\"246279e\" data-element_type=\"column\">\n\t\t\t<div class=\"elementor-widget-wrap elementor-element-populated\">\n\t\t\t\t\t\t<div class=\"elementor-element elementor-element-0913274 elementor-widget elementor-widget-heading\" data-id=\"0913274\" data-element_type=\"widget\" data-widget_type=\"heading.default\">\n\t\t\t\t<div class=\"elementor-widget-container\">\n\t\t\t<h2 class=\"elementor-heading-title elementor-size-default\">EV3 Lego Brick perustoiminnot<\/h2>\t\t<\/div>\n\t\t\t\t<\/div>\n\t\t\t\t\t<\/div>\n\t\t<\/div>\n\t\t\t\t\t<\/div>\n\t\t<\/section>\n\t\t\t\t<section class=\"elementor-section elementor-top-section elementor-element elementor-element-b09d0ee elementor-section-boxed elementor-section-height-default elementor-section-height-default\" data-id=\"b09d0ee\" data-element_type=\"section\">\n\t\t\t\t\t\t<div class=\"elementor-container elementor-column-gap-default\">\n\t\t\t\t\t<div class=\"elementor-column elementor-col-50 elementor-top-column elementor-element elementor-element-cb78681\" data-id=\"cb78681\" data-element_type=\"column\">\n\t\t\t<div class=\"elementor-widget-wrap elementor-element-populated\">\n\t\t\t\t\t\t<div class=\"elementor-element elementor-element-c59ed4e elementor-widget elementor-widget-image\" data-id=\"c59ed4e\" data-element_type=\"widget\" data-widget_type=\"image.default\">\n\t\t\t\t<div class=\"elementor-widget-container\">\n\t\t\t\t\t\t\t\t\t\t\t\t\t<img fetchpriority=\"high\" decoding=\"async\" width=\"1753\" height=\"2560\" src=\"https:\/\/ekamikillat.fi\/datakilta\/wp-content\/uploads\/2023\/03\/31313_alt8-scaled.jpg\" class=\"attachment-full size-full wp-image-545\" alt=\"\" srcset=\"https:\/\/ekamikillat.fi\/datakilta\/wp-content\/uploads\/2023\/03\/31313_alt8-scaled.jpg 1753w, https:\/\/ekamikillat.fi\/datakilta\/wp-content\/uploads\/2023\/03\/31313_alt8-205x300.jpg 205w, https:\/\/ekamikillat.fi\/datakilta\/wp-content\/uploads\/2023\/03\/31313_alt8-701x1024.jpg 701w, https:\/\/ekamikillat.fi\/datakilta\/wp-content\/uploads\/2023\/03\/31313_alt8-768x1121.jpg 768w, https:\/\/ekamikillat.fi\/datakilta\/wp-content\/uploads\/2023\/03\/31313_alt8-1052x1536.jpg 1052w, https:\/\/ekamikillat.fi\/datakilta\/wp-content\/uploads\/2023\/03\/31313_alt8-1403x2048.jpg 1403w\" sizes=\"(max-width: 1753px) 100vw, 1753px\" \/>\t\t\t\t\t\t\t\t\t\t\t\t\t<\/div>\n\t\t\t\t<\/div>\n\t\t\t\t\t<\/div>\n\t\t<\/div>\n\t\t\t\t<div class=\"elementor-column elementor-col-50 elementor-top-column elementor-element elementor-element-36c20e9\" data-id=\"36c20e9\" data-element_type=\"column\">\n\t\t\t<div class=\"elementor-widget-wrap elementor-element-populated\">\n\t\t\t\t\t\t<div class=\"elementor-element elementor-element-c64a43b elementor-widget elementor-widget-text-editor\" data-id=\"c64a43b\" data-element_type=\"widget\" data-widget_type=\"text-editor.default\">\n\t\t\t\t<div class=\"elementor-widget-container\">\n\t\t\t\t\t\t\t<p>EV3 Brickiss\u00e4 on monenlaisia eri painikkeita ja nappuloita mutta t\u00e4ss\u00e4 ohjeessa k\u00e4ymme l\u00e4pi niiden tarkoitukset, ja my\u00f6s EV3 classroom asennus prosessin.<\/p><p>1. P\u00e4\u00e4lle ja pois painike eli \u201dON &amp; OFF\u201d sijaitsee brickin keskell\u00e4, se my\u00f6s toimii samalla \u201dOK\u201d valinta painikkeena.<\/p><p><span style=\"font-style: inherit; font-weight: inherit;\">&#8211; Toiminto ON &amp; OFF painike toimii <\/span><span style=\"font-style: inherit; font-weight: inherit;\">siten, ett\u00e4 sit\u00e4 painetaan n. pari sekuntia, jotta EV3 Brick k\u00e4ynnistyy.<\/span><\/p><p>&#8211; EV3 Brickin sammuttaminen sen sijaan k\u00e4y painamalla \u201dBack\u201d painiketta, ja valitsemalla \u2713 kohasta \u201dOK\u201d napilla.\u00a0<\/p><p>2.\u201dBack\u201d eli takaisin painike sijaitsee vasemmalla puolella. T\u00e4ll\u00e4 painikkeella voimme<br \/>kumota toimintoja, tai keskeytt\u00e4\u00e4 k\u00e4ynniss\u00e4 olevia ohjelmia.<\/p><p>3. Navigointi painikkeet eli vasen, oikea, yl\u00f6s, ja alas,<br \/>painikkeet sijaitsevat keskell\u00e4 \u201dOK\u201d painikkeen ymp\u00e4r\u00f6im\u00e4n\u00e4. N\u00e4ill\u00e4<br \/>painikkeilla voimme liikkua Brickin valikossa.<\/p>\t\t\t\t\t\t<\/div>\n\t\t\t\t<\/div>\n\t\t\t\t\t<\/div>\n\t\t<\/div>\n\t\t\t\t\t<\/div>\n\t\t<\/section>\n\t\t\t\t<section class=\"elementor-section elementor-top-section elementor-element elementor-element-8118271 elementor-section-boxed elementor-section-height-default elementor-section-height-default\" data-id=\"8118271\" data-element_type=\"section\">\n\t\t\t\t\t\t<div class=\"elementor-container elementor-column-gap-default\">\n\t\t\t\t\t<div class=\"elementor-column elementor-col-100 elementor-top-column elementor-element elementor-element-b82a28f\" data-id=\"b82a28f\" data-element_type=\"column\">\n\t\t\t<div class=\"elementor-widget-wrap elementor-element-populated\">\n\t\t\t\t\t\t<div class=\"elementor-element elementor-element-62d1915 elementor-widget elementor-widget-spacer\" data-id=\"62d1915\" data-element_type=\"widget\" data-widget_type=\"spacer.default\">\n\t\t\t\t<div class=\"elementor-widget-container\">\n\t\t\t\t\t<div class=\"elementor-spacer\">\n\t\t\t<div class=\"elementor-spacer-inner\"><\/div>\n\t\t<\/div>\n\t\t\t\t<\/div>\n\t\t\t\t<\/div>\n\t\t\t\t<div class=\"elementor-element elementor-element-dfda27a elementor-widget elementor-widget-heading\" data-id=\"dfda27a\" data-element_type=\"widget\" data-widget_type=\"heading.default\">\n\t\t\t\t<div class=\"elementor-widget-container\">\n\t\t\t<h2 class=\"elementor-heading-title elementor-size-default\">EV3 Classroom ohjelman asennus<\/h2>\t\t<\/div>\n\t\t\t\t<\/div>\n\t\t\t\t<div class=\"elementor-element elementor-element-f6c3d31 elementor-widget elementor-widget-spacer\" data-id=\"f6c3d31\" data-element_type=\"widget\" data-widget_type=\"spacer.default\">\n\t\t\t\t<div class=\"elementor-widget-container\">\n\t\t\t\t\t<div class=\"elementor-spacer\">\n\t\t\t<div class=\"elementor-spacer-inner\"><\/div>\n\t\t<\/div>\n\t\t\t\t<\/div>\n\t\t\t\t<\/div>\n\t\t\t\t\t<\/div>\n\t\t<\/div>\n\t\t\t\t\t<\/div>\n\t\t<\/section>\n\t\t\t\t<section class=\"elementor-section elementor-top-section elementor-element elementor-element-d457e4c elementor-section-boxed elementor-section-height-default elementor-section-height-default\" data-id=\"d457e4c\" data-element_type=\"section\">\n\t\t\t\t\t\t<div class=\"elementor-container elementor-column-gap-default\">\n\t\t\t\t\t<div class=\"elementor-column elementor-col-50 elementor-top-column elementor-element elementor-element-a73df52\" data-id=\"a73df52\" data-element_type=\"column\">\n\t\t\t<div class=\"elementor-widget-wrap elementor-element-populated\">\n\t\t\t\t\t\t<div class=\"elementor-element elementor-element-9e7a56f elementor-widget elementor-widget-image\" data-id=\"9e7a56f\" data-element_type=\"widget\" data-widget_type=\"image.default\">\n\t\t\t\t<div class=\"elementor-widget-container\">\n\t\t\t\t\t\t\t\t\t\t\t\t\t<img decoding=\"async\" width=\"1024\" height=\"500\" src=\"https:\/\/ekamikillat.fi\/datakilta\/wp-content\/uploads\/2023\/03\/Kuva1-1-1024x500.png\" class=\"attachment-large size-large wp-image-561\" alt=\"\" srcset=\"https:\/\/ekamikillat.fi\/datakilta\/wp-content\/uploads\/2023\/03\/Kuva1-1-1024x500.png 1024w, https:\/\/ekamikillat.fi\/datakilta\/wp-content\/uploads\/2023\/03\/Kuva1-1-300x146.png 300w, https:\/\/ekamikillat.fi\/datakilta\/wp-content\/uploads\/2023\/03\/Kuva1-1-768x375.png 768w, https:\/\/ekamikillat.fi\/datakilta\/wp-content\/uploads\/2023\/03\/Kuva1-1.png 1241w\" sizes=\"(max-width: 1024px) 100vw, 1024px\" \/>\t\t\t\t\t\t\t\t\t\t\t\t\t<\/div>\n\t\t\t\t<\/div>\n\t\t\t\t<div class=\"elementor-element elementor-element-95c5243 elementor-widget elementor-widget-spacer\" data-id=\"95c5243\" data-element_type=\"widget\" data-widget_type=\"spacer.default\">\n\t\t\t\t<div class=\"elementor-widget-container\">\n\t\t\t\t\t<div class=\"elementor-spacer\">\n\t\t\t<div class=\"elementor-spacer-inner\"><\/div>\n\t\t<\/div>\n\t\t\t\t<\/div>\n\t\t\t\t<\/div>\n\t\t\t\t\t<\/div>\n\t\t<\/div>\n\t\t\t\t<div class=\"elementor-column elementor-col-50 elementor-top-column elementor-element elementor-element-c9bed00\" data-id=\"c9bed00\" data-element_type=\"column\">\n\t\t\t<div class=\"elementor-widget-wrap elementor-element-populated\">\n\t\t\t\t\t\t<div class=\"elementor-element elementor-element-b4c7453 elementor-widget elementor-widget-text-editor\" data-id=\"b4c7453\" data-element_type=\"widget\" data-widget_type=\"text-editor.default\">\n\t\t\t\t<div class=\"elementor-widget-container\">\n\t\t\t\t\t\t\t<p>EV3 Classroom asennetaan seuraavanlaisesti:<\/p><p>\u00a0<span style=\"font-style: inherit; font-weight: inherit;\">Mene ensin osoitteeseen<\/span><\/p><p>\u00a0<strong>https:\/\/education.lego.com\/en-us\/downloads\/mindstorms-ev3\/software <\/strong><\/p><p><strong>\u00a0<\/strong><strong style=\"font-style: inherit;\">Valitse sivulla \u201dWindows 10\u201d kohdalta Chromebook ja paina kohtaa \u201dDownload Installer\u201d.<\/strong><\/p>\t\t\t\t\t\t<\/div>\n\t\t\t\t<\/div>\n\t\t\t\t\t<\/div>\n\t\t<\/div>\n\t\t\t\t\t<\/div>\n\t\t<\/section>\n\t\t\t\t<section class=\"elementor-section elementor-top-section elementor-element elementor-element-3440a21 elementor-section-boxed elementor-section-height-default elementor-section-height-default\" data-id=\"3440a21\" data-element_type=\"section\">\n\t\t\t\t\t\t<div class=\"elementor-container elementor-column-gap-default\">\n\t\t\t\t\t<div class=\"elementor-column elementor-col-50 elementor-top-column elementor-element elementor-element-a50e0e4\" data-id=\"a50e0e4\" data-element_type=\"column\">\n\t\t\t<div class=\"elementor-widget-wrap elementor-element-populated\">\n\t\t\t\t\t\t<div class=\"elementor-element elementor-element-d060269 elementor-widget elementor-widget-image\" data-id=\"d060269\" data-element_type=\"widget\" data-widget_type=\"image.default\">\n\t\t\t\t<div class=\"elementor-widget-container\">\n\t\t\t\t\t\t\t\t\t\t\t\t\t<img decoding=\"async\" width=\"565\" height=\"433\" src=\"https:\/\/ekamikillat.fi\/datakilta\/wp-content\/uploads\/2023\/03\/Sieppffaa-1.png\" class=\"attachment-large size-large wp-image-563\" alt=\"\" srcset=\"https:\/\/ekamikillat.fi\/datakilta\/wp-content\/uploads\/2023\/03\/Sieppffaa-1.png 565w, https:\/\/ekamikillat.fi\/datakilta\/wp-content\/uploads\/2023\/03\/Sieppffaa-1-300x230.png 300w\" sizes=\"(max-width: 565px) 100vw, 565px\" \/>\t\t\t\t\t\t\t\t\t\t\t\t\t<\/div>\n\t\t\t\t<\/div>\n\t\t\t\t\t<\/div>\n\t\t<\/div>\n\t\t\t\t<div class=\"elementor-column elementor-col-50 elementor-top-column elementor-element elementor-element-656211d\" data-id=\"656211d\" data-element_type=\"column\">\n\t\t\t<div class=\"elementor-widget-wrap elementor-element-populated\">\n\t\t\t\t\t\t<div class=\"elementor-element elementor-element-4a0ba25 elementor-widget elementor-widget-text-editor\" data-id=\"4a0ba25\" data-element_type=\"widget\" data-widget_type=\"text-editor.default\">\n\t\t\t\t<div class=\"elementor-widget-container\">\n\t\t\t\t\t\t\t<p>Avaa asennus kaksoisnapauttamalla ja paina sitten \u201d<strong>Finish<\/strong>\u201d.<\/p><p>Huomioi ett\u00e4 t\u00e4ss\u00e4 vaiheessa ei tarvitse tehd\u00e4 mit\u00e4\u00e4n muuta.<\/p><p>Asennus hoituu todella nopeasti ja sinun tarvitsee vain lopuksi painaa \u201d<strong>Finish<\/strong>\u201d nappia.<\/p>\t\t\t\t\t\t<\/div>\n\t\t\t\t<\/div>\n\t\t\t\t\t<\/div>\n\t\t<\/div>\n\t\t\t\t\t<\/div>\n\t\t<\/section>\n\t\t\t\t<section class=\"elementor-section elementor-top-section elementor-element elementor-element-666d724 elementor-section-boxed elementor-section-height-default elementor-section-height-default\" data-id=\"666d724\" data-element_type=\"section\">\n\t\t\t\t\t\t<div class=\"elementor-container elementor-column-gap-default\">\n\t\t\t\t\t<div class=\"elementor-column elementor-col-50 elementor-top-column elementor-element elementor-element-e081e39\" data-id=\"e081e39\" data-element_type=\"column\">\n\t\t\t<div class=\"elementor-widget-wrap elementor-element-populated\">\n\t\t\t\t\t\t<div class=\"elementor-element elementor-element-26a0e05 elementor-widget elementor-widget-image\" data-id=\"26a0e05\" data-element_type=\"widget\" data-widget_type=\"image.default\">\n\t\t\t\t<div class=\"elementor-widget-container\">\n\t\t\t\t\t\t\t\t\t\t\t\t\t<img loading=\"lazy\" decoding=\"async\" width=\"490\" height=\"376\" src=\"https:\/\/ekamikillat.fi\/datakilta\/wp-content\/uploads\/2023\/03\/Kuva2.png\" class=\"attachment-large size-large wp-image-564\" alt=\"\" srcset=\"https:\/\/ekamikillat.fi\/datakilta\/wp-content\/uploads\/2023\/03\/Kuva2.png 490w, https:\/\/ekamikillat.fi\/datakilta\/wp-content\/uploads\/2023\/03\/Kuva2-300x230.png 300w\" sizes=\"(max-width: 490px) 100vw, 490px\" \/>\t\t\t\t\t\t\t\t\t\t\t\t\t<\/div>\n\t\t\t\t<\/div>\n\t\t\t\t\t<\/div>\n\t\t<\/div>\n\t\t\t\t<div class=\"elementor-column elementor-col-50 elementor-top-column elementor-element elementor-element-f96d2a3\" data-id=\"f96d2a3\" data-element_type=\"column\">\n\t\t\t<div class=\"elementor-widget-wrap elementor-element-populated\">\n\t\t\t\t\t\t<div class=\"elementor-element elementor-element-91e401f elementor-widget elementor-widget-text-editor\" data-id=\"91e401f\" data-element_type=\"widget\" data-widget_type=\"text-editor.default\">\n\t\t\t\t<div class=\"elementor-widget-container\">\n\t\t\t\t\t\t\t<p><strong>&#8211;\u00a0<em>Ikkunan pit\u00e4isi avautua automaattisesti t\u00e4m\u00e4n n\u00e4k\u00f6isen\u00e4 ja t\u00e4m\u00e4n j\u00e4lkeen asennuksen pit\u00e4isi olla valmis.<\/em><\/strong><\/p><p><strong>Lis\u00e4\u00e4:<\/strong><\/p><p>EV3 Lego Brick pystyy n\u00e4ytt\u00e4m\u00e4\u00e4n sensorin et\u00e4isyyden, moottorin kierrokset ja napin painallukset,<\/p><p>robotti pystyy py\u00f6rim\u00e4\u00e4n, odottamaan kunnes v\u00e4ri vaihtuu, \u00e4\u00e4ntelem\u00e4\u00e4n ja n\u00e4ytt\u00e4m\u00e4\u00e4n ilmeit\u00e4.<\/p><p><em>Lego robotin sammuttaminen k\u00e4y painamalla \u201d<strong>Back<\/strong>\u201d eli takaisin nappia niin monta kertaa, kunnes ruudulle ilmestyy valikko, josta valitaan\u00a0<\/em><em><strong>\u2713<\/strong>, eli \u201dOk\u201d.<\/em><\/p>\t\t\t\t\t\t<\/div>\n\t\t\t\t<\/div>\n\t\t\t\t\t<\/div>\n\t\t<\/div>\n\t\t\t\t\t<\/div>\n\t\t<\/section>\n\t\t\t\t<\/div>\n\t\t","protected":false},"excerpt":{"rendered":"<p>EV3 Lego Brick perustoiminnot EV3 Brickiss\u00e4 on monenlaisia eri painikkeita ja nappuloita mutta t\u00e4ss\u00e4 ohjeessa k\u00e4ymme l\u00e4pi niiden tarkoitukset, ja my\u00f6s EV3 classroom asennus prosessin. 1. P\u00e4\u00e4lle ja pois painike eli \u201dON &amp; OFF\u201d sijaitsee brickin keskell\u00e4, se my\u00f6s toimii samalla \u201dOK\u201d valinta painikkeena. &#8211; Toiminto ON &amp; OFF painike toimii siten, ett\u00e4 sit\u00e4 painetaan [&hellip;]<\/p>\n","protected":false},"author":1,"featured_media":0,"parent":0,"menu_order":0,"comment_status":"closed","ping_status":"closed","template":"","meta":{"_uag_custom_page_level_css":"","site-sidebar-layout":"no-sidebar","site-content-layout":"page-builder","ast-site-content-layout":"","site-content-style":"default","site-sidebar-style":"default","ast-global-header-display":"","ast-banner-title-visibility":"","ast-main-header-display":"","ast-hfb-above-header-display":"","ast-hfb-below-header-display":"","ast-hfb-mobile-header-display":"","site-post-title":"disabled","ast-breadcrumbs-content":"","ast-featured-img":"disabled","footer-sml-layout":"","theme-transparent-header-meta":"","adv-header-id-meta":"","stick-header-meta":"","header-above-stick-meta":"","header-main-stick-meta":"","header-below-stick-meta":"","astra-migrate-meta-layouts":"default","ast-page-background-enabled":"default","ast-page-background-meta":{"desktop":{"background-color":"var(--ast-global-color-4)","background-image":"","background-repeat":"repeat","background-position":"center center","background-size":"auto","background-attachment":"scroll","background-type":"","background-media":"","overlay-type":"","overlay-color":"","overlay-opacity":"","overlay-gradient":""},"tablet":{"background-color":"","background-image":"","background-repeat":"repeat","background-position":"center center","background-size":"auto","background-attachment":"scroll","background-type":"","background-media":"","overlay-type":"","overlay-color":"","overlay-opacity":"","overlay-gradient":""},"mobile":{"background-color":"","background-image":"","background-repeat":"repeat","background-position":"center center","background-size":"auto","background-attachment":"scroll","background-type":"","background-media":"","overlay-type":"","overlay-color":"","overlay-opacity":"","overlay-gradient":""}},"ast-content-background-meta":{"desktop":{"background-color":"var(--ast-global-color-5)","background-image":"","background-repeat":"repeat","background-position":"center center","background-size":"auto","background-attachment":"scroll","background-type":"","background-media":"","overlay-type":"","overlay-color":"","overlay-opacity":"","overlay-gradient":""},"tablet":{"background-color":"var(--ast-global-color-5)","background-image":"","background-repeat":"repeat","background-position":"center center","background-size":"auto","background-attachment":"scroll","background-type":"","background-media":"","overlay-type":"","overlay-color":"","overlay-opacity":"","overlay-gradient":""},"mobile":{"background-color":"var(--ast-global-color-5)","background-image":"","background-repeat":"repeat","background-position":"center center","background-size":"auto","background-attachment":"scroll","background-type":"","background-media":"","overlay-type":"","overlay-color":"","overlay-opacity":"","overlay-gradient":""}},"ngg_post_thumbnail":0,"footnotes":""},"class_list":["post-572","page","type-page","status-publish","hentry"],"uagb_featured_image_src":{"full":false,"thumbnail":false,"medium":false,"medium_large":false,"large":false,"1536x1536":false,"2048x2048":false,"wpvr_mobile":false},"uagb_author_info":{"display_name":"datakilta","author_link":"https:\/\/ekamikillat.fi\/datakilta\/index.php\/author\/datakilta\/"},"uagb_comment_info":0,"uagb_excerpt":"EV3 Lego Brick perustoiminnot EV3 Brickiss\u00e4 on monenlaisia eri painikkeita ja nappuloita mutta t\u00e4ss\u00e4 ohjeessa k\u00e4ymme l\u00e4pi niiden tarkoitukset, ja my\u00f6s EV3 classroom asennus prosessin. 1. P\u00e4\u00e4lle ja pois painike eli \u201dON &amp; OFF\u201d sijaitsee brickin keskell\u00e4, se my\u00f6s toimii samalla \u201dOK\u201d valinta painikkeena. &#8211; Toiminto ON &amp; OFF painike toimii siten, ett\u00e4 sit\u00e4 painetaan&hellip;","_links":{"self":[{"href":"https:\/\/ekamikillat.fi\/datakilta\/index.php\/wp-json\/wp\/v2\/pages\/572","targetHints":{"allow":["GET"]}}],"collection":[{"href":"https:\/\/ekamikillat.fi\/datakilta\/index.php\/wp-json\/wp\/v2\/pages"}],"about":[{"href":"https:\/\/ekamikillat.fi\/datakilta\/index.php\/wp-json\/wp\/v2\/types\/page"}],"author":[{"embeddable":true,"href":"https:\/\/ekamikillat.fi\/datakilta\/index.php\/wp-json\/wp\/v2\/users\/1"}],"replies":[{"embeddable":true,"href":"https:\/\/ekamikillat.fi\/datakilta\/index.php\/wp-json\/wp\/v2\/comments?post=572"}],"version-history":[{"count":7,"href":"https:\/\/ekamikillat.fi\/datakilta\/index.php\/wp-json\/wp\/v2\/pages\/572\/revisions"}],"predecessor-version":[{"id":580,"href":"https:\/\/ekamikillat.fi\/datakilta\/index.php\/wp-json\/wp\/v2\/pages\/572\/revisions\/580"}],"wp:attachment":[{"href":"https:\/\/ekamikillat.fi\/datakilta\/index.php\/wp-json\/wp\/v2\/media?parent=572"}],"curies":[{"name":"wp","href":"https:\/\/api.w.org\/{rel}","templated":true}]}}