{"id":515,"date":"2023-03-28T08:58:28","date_gmt":"2023-03-28T06:58:28","guid":{"rendered":"https:\/\/ekamikillat.fi\/datakilta\/?page_id=515"},"modified":"2023-04-06T10:28:52","modified_gmt":"2023-04-06T08:28:52","slug":"lego-brick-1-ohjelma","status":"publish","type":"page","link":"https:\/\/ekamikillat.fi\/datakilta\/index.php\/lego-brick-1-ohjelma\/","title":{"rendered":"Lego Brick &#8211; 1. ohjelma"},"content":{"rendered":"\t\t<div data-elementor-type=\"wp-page\" data-elementor-id=\"515\" class=\"elementor elementor-515\">\n\t\t\t\t\t\t<section class=\"elementor-section elementor-top-section elementor-element elementor-element-3d8781b elementor-section-boxed elementor-section-height-default elementor-section-height-default\" data-id=\"3d8781b\" data-element_type=\"section\">\n\t\t\t\t\t\t<div class=\"elementor-container elementor-column-gap-default\">\n\t\t\t\t\t<div class=\"elementor-column elementor-col-100 elementor-top-column elementor-element elementor-element-154c4a6\" data-id=\"154c4a6\" data-element_type=\"column\">\n\t\t\t<div class=\"elementor-widget-wrap elementor-element-populated\">\n\t\t\t\t\t\t<div class=\"elementor-element elementor-element-33ef5f1 elementor-widget elementor-widget-heading\" data-id=\"33ef5f1\" data-element_type=\"widget\" data-widget_type=\"heading.default\">\n\t\t\t\t<div class=\"elementor-widget-container\">\n\t\t\t<h2 class=\"elementor-heading-title elementor-size-default\">Yksinkertainen ohjelma<br>(Sensorit, ilmeet, \u00e4\u00e4net ja v\u00e4rit)<\/h2>\t\t<\/div>\n\t\t\t\t<\/div>\n\t\t\t\t\t<\/div>\n\t\t<\/div>\n\t\t\t\t\t<\/div>\n\t\t<\/section>\n\t\t\t\t<section class=\"elementor-section elementor-top-section elementor-element elementor-element-09f5824 elementor-section-boxed elementor-section-height-default elementor-section-height-default\" data-id=\"09f5824\" data-element_type=\"section\">\n\t\t\t\t\t\t<div class=\"elementor-container elementor-column-gap-default\">\n\t\t\t\t\t<div class=\"elementor-column elementor-col-50 elementor-top-column elementor-element elementor-element-60639f7\" data-id=\"60639f7\" data-element_type=\"column\">\n\t\t\t<div class=\"elementor-widget-wrap elementor-element-populated\">\n\t\t\t\t\t\t<div class=\"elementor-element elementor-element-308be54 elementor-widget elementor-widget-image\" data-id=\"308be54\" data-element_type=\"widget\" data-widget_type=\"image.default\">\n\t\t\t\t<div class=\"elementor-widget-container\">\n\t\t\t\t\t\t\t\t\t\t\t\t\t<img fetchpriority=\"high\" decoding=\"async\" width=\"611\" height=\"435\" src=\"https:\/\/ekamikillat.fi\/datakilta\/wp-content\/uploads\/2023\/04\/Sieppawwwwa.png\" class=\"attachment-large size-large wp-image-599\" alt=\"\" srcset=\"https:\/\/ekamikillat.fi\/datakilta\/wp-content\/uploads\/2023\/04\/Sieppawwwwa.png 611w, https:\/\/ekamikillat.fi\/datakilta\/wp-content\/uploads\/2023\/04\/Sieppawwwwa-300x214.png 300w\" sizes=\"(max-width: 611px) 100vw, 611px\" \/>\t\t\t\t\t\t\t\t\t\t\t\t\t<\/div>\n\t\t\t\t<\/div>\n\t\t\t\t\t<\/div>\n\t\t<\/div>\n\t\t\t\t<div class=\"elementor-column elementor-col-50 elementor-top-column elementor-element elementor-element-48534aa\" data-id=\"48534aa\" data-element_type=\"column\">\n\t\t\t<div class=\"elementor-widget-wrap elementor-element-populated\">\n\t\t\t\t\t\t<div class=\"elementor-element elementor-element-409a060 elementor-widget elementor-widget-text-editor\" data-id=\"409a060\" data-element_type=\"widget\" data-widget_type=\"text-editor.default\">\n\t\t\t\t<div class=\"elementor-widget-container\">\n\t\t\t\t\t\t\t<p>Yksinkertainen koodinp\u00e4tk\u00e4 jossa painetaan sensoria, jotta Lego Brick tekee ilmeit\u00e4, <span style=\"text-decoration: underline;\">\u00e4\u00e4ni\u00e4,<\/span> vaihtaa v\u00e4ri\u00e4 tai kirjoittaa jotain ruudulle.<\/p><p>\u00a0<\/p><p>T\u00e4ss\u00e4 kun painetaan sensoria, niin robotin ruudulle kuuluisi siten ilmesty\u00e4 ilme\/teksti, tai tehd\u00e4 \u00e4\u00e4ni\u00e4.<\/p><p>\u00a0<\/p><p>\u00a0<\/p>\t\t\t\t\t\t<\/div>\n\t\t\t\t<\/div>\n\t\t\t\t\t<\/div>\n\t\t<\/div>\n\t\t\t\t\t<\/div>\n\t\t<\/section>\n\t\t\t\t<section class=\"elementor-section elementor-top-section elementor-element elementor-element-2d46559 elementor-section-boxed elementor-section-height-default elementor-section-height-default\" data-id=\"2d46559\" data-element_type=\"section\">\n\t\t\t\t\t\t<div class=\"elementor-container elementor-column-gap-default\">\n\t\t\t\t\t<div class=\"elementor-column elementor-col-50 elementor-top-column elementor-element elementor-element-3b25d42\" data-id=\"3b25d42\" data-element_type=\"column\">\n\t\t\t<div class=\"elementor-widget-wrap elementor-element-populated\">\n\t\t\t\t\t\t<div class=\"elementor-element elementor-element-99483d8 elementor-widget elementor-widget-image\" data-id=\"99483d8\" data-element_type=\"widget\" data-widget_type=\"image.default\">\n\t\t\t\t<div class=\"elementor-widget-container\">\n\t\t\t\t\t\t\t\t\t\t\t\t\t<img decoding=\"async\" width=\"1024\" height=\"616\" src=\"https:\/\/ekamikillat.fi\/datakilta\/wp-content\/uploads\/2023\/04\/Sieddfghjhreppaa-1024x616.png\" class=\"attachment-large size-large wp-image-652\" alt=\"\" srcset=\"https:\/\/ekamikillat.fi\/datakilta\/wp-content\/uploads\/2023\/04\/Sieddfghjhreppaa-1024x616.png 1024w, https:\/\/ekamikillat.fi\/datakilta\/wp-content\/uploads\/2023\/04\/Sieddfghjhreppaa-300x180.png 300w, https:\/\/ekamikillat.fi\/datakilta\/wp-content\/uploads\/2023\/04\/Sieddfghjhreppaa-768x462.png 768w, https:\/\/ekamikillat.fi\/datakilta\/wp-content\/uploads\/2023\/04\/Sieddfghjhreppaa.png 1354w\" sizes=\"(max-width: 1024px) 100vw, 1024px\" \/>\t\t\t\t\t\t\t\t\t\t\t\t\t<\/div>\n\t\t\t\t<\/div>\n\t\t\t\t\t<\/div>\n\t\t<\/div>\n\t\t\t\t<div class=\"elementor-column elementor-col-50 elementor-top-column elementor-element elementor-element-f5a4a26\" data-id=\"f5a4a26\" data-element_type=\"column\">\n\t\t\t<div class=\"elementor-widget-wrap elementor-element-populated\">\n\t\t\t\t\t\t<div class=\"elementor-element elementor-element-998e162 elementor-widget elementor-widget-text-editor\" data-id=\"998e162\" data-element_type=\"widget\" data-widget_type=\"text-editor.default\">\n\t\t\t\t<div class=\"elementor-widget-container\">\n\t\t\t\t\t\t\t<p><span style=\"font-style: inherit; font-weight: inherit; color: var( --e-global-color-text ); font-family: var( --e-global-typography-text-font-family ), Sans-serif; background-color: var(--ast-global-color-4);\">Koodia voidaan sekoittaa ja muutella v\u00e4h\u00e4n, jotta siit\u00e4 tulee mielenkiintoisempi.\u00a0<\/span><\/p><p>Mukaan voi lis\u00e4t\u00e4 jonkun tekstin joka tulee Brickin ruudulle\/\u00e4\u00e4ni\u00e4 mukaan.<\/p><p>Kun sensorista p\u00e4\u00e4st\u00e4\u00e4 irti niin ohjelma jatkuu, ja ruudulle ilmestyy\u00a0<em>teksti.<\/em><\/p>\t\t\t\t\t\t<\/div>\n\t\t\t\t<\/div>\n\t\t\t\t\t<\/div>\n\t\t<\/div>\n\t\t\t\t\t<\/div>\n\t\t<\/section>\n\t\t\t\t<section class=\"elementor-section elementor-top-section elementor-element elementor-element-12aa2bb elementor-section-boxed elementor-section-height-default elementor-section-height-default\" data-id=\"12aa2bb\" data-element_type=\"section\">\n\t\t\t\t\t\t<div class=\"elementor-container elementor-column-gap-default\">\n\t\t\t\t\t<div class=\"elementor-column elementor-col-50 elementor-top-column elementor-element elementor-element-8d197d0\" data-id=\"8d197d0\" data-element_type=\"column\">\n\t\t\t<div class=\"elementor-widget-wrap elementor-element-populated\">\n\t\t\t\t\t\t<div class=\"elementor-element elementor-element-721b9b3 elementor-widget elementor-widget-image\" data-id=\"721b9b3\" data-element_type=\"widget\" data-widget_type=\"image.default\">\n\t\t\t\t<div class=\"elementor-widget-container\">\n\t\t\t\t\t\t\t\t\t\t\t\t\t<img decoding=\"async\" width=\"620\" height=\"418\" src=\"https:\/\/ekamikillat.fi\/datakilta\/wp-content\/uploads\/2023\/04\/Sieppaawe.png\" class=\"attachment-large size-large wp-image-600\" alt=\"\" srcset=\"https:\/\/ekamikillat.fi\/datakilta\/wp-content\/uploads\/2023\/04\/Sieppaawe.png 620w, https:\/\/ekamikillat.fi\/datakilta\/wp-content\/uploads\/2023\/04\/Sieppaawe-300x202.png 300w\" sizes=\"(max-width: 620px) 100vw, 620px\" \/>\t\t\t\t\t\t\t\t\t\t\t\t\t<\/div>\n\t\t\t\t<\/div>\n\t\t\t\t\t<\/div>\n\t\t<\/div>\n\t\t\t\t<div class=\"elementor-column elementor-col-50 elementor-top-column elementor-element elementor-element-0b80b4b\" data-id=\"0b80b4b\" data-element_type=\"column\">\n\t\t\t<div class=\"elementor-widget-wrap elementor-element-populated\">\n\t\t\t\t\t\t<div class=\"elementor-element elementor-element-ceed571 elementor-widget elementor-widget-text-editor\" data-id=\"ceed571\" data-element_type=\"widget\" data-widget_type=\"text-editor.default\">\n\t\t\t\t<div class=\"elementor-widget-container\">\n\t\t\t\t\t\t\t<p>Voi odottaa 1 sekunnin, tai laittaa kaikki per\u00e4kk\u00e4in jotta se suorittaa kaikki komennot tehokkaammin.<\/p>\t\t\t\t\t\t<\/div>\n\t\t\t\t<\/div>\n\t\t\t\t\t<\/div>\n\t\t<\/div>\n\t\t\t\t\t<\/div>\n\t\t<\/section>\n\t\t\t\t<section class=\"elementor-section elementor-top-section elementor-element elementor-element-cbf5b4c elementor-section-boxed elementor-section-height-default elementor-section-height-default\" data-id=\"cbf5b4c\" data-element_type=\"section\">\n\t\t\t\t\t\t<div class=\"elementor-container elementor-column-gap-default\">\n\t\t\t\t\t<div class=\"elementor-column elementor-col-50 elementor-top-column elementor-element elementor-element-048d1db\" data-id=\"048d1db\" data-element_type=\"column\">\n\t\t\t<div class=\"elementor-widget-wrap elementor-element-populated\">\n\t\t\t\t\t\t<div class=\"elementor-element elementor-element-5312451 elementor-widget elementor-widget-image\" data-id=\"5312451\" data-element_type=\"widget\" data-widget_type=\"image.default\">\n\t\t\t\t<div class=\"elementor-widget-container\">\n\t\t\t\t\t\t\t\t\t\t\t\t\t<img loading=\"lazy\" decoding=\"async\" width=\"1024\" height=\"685\" src=\"https:\/\/ekamikillat.fi\/datakilta\/wp-content\/uploads\/2023\/04\/Sieppartreerta-1024x685.png\" class=\"attachment-large size-large wp-image-657\" alt=\"\" srcset=\"https:\/\/ekamikillat.fi\/datakilta\/wp-content\/uploads\/2023\/04\/Sieppartreerta-1024x685.png 1024w, https:\/\/ekamikillat.fi\/datakilta\/wp-content\/uploads\/2023\/04\/Sieppartreerta-300x201.png 300w, https:\/\/ekamikillat.fi\/datakilta\/wp-content\/uploads\/2023\/04\/Sieppartreerta-768x514.png 768w, https:\/\/ekamikillat.fi\/datakilta\/wp-content\/uploads\/2023\/04\/Sieppartreerta.png 1194w\" sizes=\"(max-width: 1024px) 100vw, 1024px\" \/>\t\t\t\t\t\t\t\t\t\t\t\t\t<\/div>\n\t\t\t\t<\/div>\n\t\t\t\t\t<\/div>\n\t\t<\/div>\n\t\t\t\t<div class=\"elementor-column elementor-col-50 elementor-top-column elementor-element elementor-element-16c02ac\" data-id=\"16c02ac\" data-element_type=\"column\">\n\t\t\t<div class=\"elementor-widget-wrap elementor-element-populated\">\n\t\t\t\t\t\t<div class=\"elementor-element elementor-element-de462d1 elementor-widget elementor-widget-text-editor\" data-id=\"de462d1\" data-element_type=\"widget\" data-widget_type=\"text-editor.default\">\n\t\t\t\t<div class=\"elementor-widget-container\">\n\t\t\t\t\t\t\t<p>Jos haluamme lis\u00e4\u00e4 haastetta, voimme muuttaa koodia niin, ett\u00e4 k\u00e4yt\u00e4mme &#8220;Forever ja if then&#8221; kontrollia. Komennot voidaan kasata p\u00e4\u00e4llekk\u00e4in mik\u00e4 helpottaa paljon, koska se on silloin looppi. Ja jotta se toistaa koodia niin pitk\u00e4\u00e4n kunnes if then lauseessa on \u00e4\u00e4ni, liike, tai teksti.<\/p>\t\t\t\t\t\t<\/div>\n\t\t\t\t<\/div>\n\t\t\t\t\t<\/div>\n\t\t<\/div>\n\t\t\t\t\t<\/div>\n\t\t<\/section>\n\t\t\t\t<\/div>\n\t\t","protected":false},"excerpt":{"rendered":"<p>Yksinkertainen ohjelma(Sensorit, ilmeet, \u00e4\u00e4net ja v\u00e4rit) Yksinkertainen koodinp\u00e4tk\u00e4 jossa painetaan sensoria, jotta Lego Brick tekee ilmeit\u00e4, \u00e4\u00e4ni\u00e4, vaihtaa v\u00e4ri\u00e4 tai kirjoittaa jotain ruudulle. \u00a0 T\u00e4ss\u00e4 kun painetaan sensoria, niin robotin ruudulle kuuluisi siten ilmesty\u00e4 ilme\/teksti, tai tehd\u00e4 \u00e4\u00e4ni\u00e4. \u00a0 \u00a0 Koodia voidaan sekoittaa ja muutella v\u00e4h\u00e4n, jotta siit\u00e4 tulee mielenkiintoisempi.\u00a0 Mukaan voi lis\u00e4t\u00e4 jonkun tekstin [&hellip;]<\/p>\n","protected":false},"author":1,"featured_media":0,"parent":0,"menu_order":0,"comment_status":"closed","ping_status":"closed","template":"","meta":{"_uag_custom_page_level_css":"","site-sidebar-layout":"no-sidebar","site-content-layout":"page-builder","ast-site-content-layout":"","site-content-style":"default","site-sidebar-style":"default","ast-global-header-display":"","ast-banner-title-visibility":"","ast-main-header-display":"","ast-hfb-above-header-display":"","ast-hfb-below-header-display":"","ast-hfb-mobile-header-display":"","site-post-title":"disabled","ast-breadcrumbs-content":"","ast-featured-img":"disabled","footer-sml-layout":"","theme-transparent-header-meta":"","adv-header-id-meta":"","stick-header-meta":"","header-above-stick-meta":"","header-main-stick-meta":"","header-below-stick-meta":"","astra-migrate-meta-layouts":"default","ast-page-background-enabled":"default","ast-page-background-meta":{"desktop":{"background-color":"var(--ast-global-color-4)","background-image":"","background-repeat":"repeat","background-position":"center center","background-size":"auto","background-attachment":"scroll","background-type":"","background-media":"","overlay-type":"","overlay-color":"","overlay-opacity":"","overlay-gradient":""},"tablet":{"background-color":"","background-image":"","background-repeat":"repeat","background-position":"center center","background-size":"auto","background-attachment":"scroll","background-type":"","background-media":"","overlay-type":"","overlay-color":"","overlay-opacity":"","overlay-gradient":""},"mobile":{"background-color":"","background-image":"","background-repeat":"repeat","background-position":"center center","background-size":"auto","background-attachment":"scroll","background-type":"","background-media":"","overlay-type":"","overlay-color":"","overlay-opacity":"","overlay-gradient":""}},"ast-content-background-meta":{"desktop":{"background-color":"var(--ast-global-color-5)","background-image":"","background-repeat":"repeat","background-position":"center center","background-size":"auto","background-attachment":"scroll","background-type":"","background-media":"","overlay-type":"","overlay-color":"","overlay-opacity":"","overlay-gradient":""},"tablet":{"background-color":"var(--ast-global-color-5)","background-image":"","background-repeat":"repeat","background-position":"center center","background-size":"auto","background-attachment":"scroll","background-type":"","background-media":"","overlay-type":"","overlay-color":"","overlay-opacity":"","overlay-gradient":""},"mobile":{"background-color":"var(--ast-global-color-5)","background-image":"","background-repeat":"repeat","background-position":"center center","background-size":"auto","background-attachment":"scroll","background-type":"","background-media":"","overlay-type":"","overlay-color":"","overlay-opacity":"","overlay-gradient":""}},"ngg_post_thumbnail":0,"footnotes":""},"class_list":["post-515","page","type-page","status-publish","hentry"],"uagb_featured_image_src":{"full":false,"thumbnail":false,"medium":false,"medium_large":false,"large":false,"1536x1536":false,"2048x2048":false,"wpvr_mobile":false},"uagb_author_info":{"display_name":"datakilta","author_link":"https:\/\/ekamikillat.fi\/datakilta\/index.php\/author\/datakilta\/"},"uagb_comment_info":0,"uagb_excerpt":"Yksinkertainen ohjelma(Sensorit, ilmeet, \u00e4\u00e4net ja v\u00e4rit) Yksinkertainen koodinp\u00e4tk\u00e4 jossa painetaan sensoria, jotta Lego Brick tekee ilmeit\u00e4, \u00e4\u00e4ni\u00e4, vaihtaa v\u00e4ri\u00e4 tai kirjoittaa jotain ruudulle. \u00a0 T\u00e4ss\u00e4 kun painetaan sensoria, niin robotin ruudulle kuuluisi siten ilmesty\u00e4 ilme\/teksti, tai tehd\u00e4 \u00e4\u00e4ni\u00e4. \u00a0 \u00a0 Koodia voidaan sekoittaa ja muutella v\u00e4h\u00e4n, jotta siit\u00e4 tulee mielenkiintoisempi.\u00a0 Mukaan voi lis\u00e4t\u00e4 jonkun tekstin&hellip;","_links":{"self":[{"href":"https:\/\/ekamikillat.fi\/datakilta\/index.php\/wp-json\/wp\/v2\/pages\/515","targetHints":{"allow":["GET"]}}],"collection":[{"href":"https:\/\/ekamikillat.fi\/datakilta\/index.php\/wp-json\/wp\/v2\/pages"}],"about":[{"href":"https:\/\/ekamikillat.fi\/datakilta\/index.php\/wp-json\/wp\/v2\/types\/page"}],"author":[{"embeddable":true,"href":"https:\/\/ekamikillat.fi\/datakilta\/index.php\/wp-json\/wp\/v2\/users\/1"}],"replies":[{"embeddable":true,"href":"https:\/\/ekamikillat.fi\/datakilta\/index.php\/wp-json\/wp\/v2\/comments?post=515"}],"version-history":[{"count":41,"href":"https:\/\/ekamikillat.fi\/datakilta\/index.php\/wp-json\/wp\/v2\/pages\/515\/revisions"}],"predecessor-version":[{"id":674,"href":"https:\/\/ekamikillat.fi\/datakilta\/index.php\/wp-json\/wp\/v2\/pages\/515\/revisions\/674"}],"wp:attachment":[{"href":"https:\/\/ekamikillat.fi\/datakilta\/index.php\/wp-json\/wp\/v2\/media?parent=515"}],"curies":[{"name":"wp","href":"https:\/\/api.w.org\/{rel}","templated":true}]}}