{"id":506,"date":"2023-03-28T08:56:21","date_gmt":"2023-03-28T06:56:21","guid":{"rendered":"https:\/\/ekamikillat.fi\/datakilta\/?page_id=506"},"modified":"2023-04-06T12:21:17","modified_gmt":"2023-04-06T10:21:17","slug":"lego-ev3","status":"publish","type":"page","link":"https:\/\/ekamikillat.fi\/datakilta\/index.php\/lego-ev3\/","title":{"rendered":"Lego EV3 johdanto"},"content":{"rendered":"\t\t<div data-elementor-type=\"wp-page\" data-elementor-id=\"506\" class=\"elementor elementor-506\">\n\t\t\t\t\t\t<section class=\"elementor-section elementor-top-section elementor-element elementor-element-d5d3d7c elementor-section-boxed elementor-section-height-default elementor-section-height-default\" data-id=\"d5d3d7c\" data-element_type=\"section\">\n\t\t\t\t\t\t<div class=\"elementor-container elementor-column-gap-default\">\n\t\t\t\t\t<div class=\"elementor-column elementor-col-50 elementor-top-column elementor-element elementor-element-7a63ffd\" data-id=\"7a63ffd\" data-element_type=\"column\">\n\t\t\t<div class=\"elementor-widget-wrap elementor-element-populated\">\n\t\t\t\t\t\t<div class=\"elementor-element elementor-element-1595342 e-transform elementor-widget elementor-widget-image\" data-id=\"1595342\" data-element_type=\"widget\" data-settings=\"{&quot;_transform_scaleX_effect&quot;:{&quot;unit&quot;:&quot;px&quot;,&quot;size&quot;:1.1,&quot;sizes&quot;:[]},&quot;_transform_scaleY_effect&quot;:{&quot;unit&quot;:&quot;px&quot;,&quot;size&quot;:1,&quot;sizes&quot;:[]},&quot;_transform_scaleX_effect_tablet&quot;:{&quot;unit&quot;:&quot;px&quot;,&quot;size&quot;:&quot;&quot;,&quot;sizes&quot;:[]},&quot;_transform_scaleX_effect_mobile&quot;:{&quot;unit&quot;:&quot;px&quot;,&quot;size&quot;:&quot;&quot;,&quot;sizes&quot;:[]},&quot;_transform_scaleY_effect_tablet&quot;:{&quot;unit&quot;:&quot;px&quot;,&quot;size&quot;:&quot;&quot;,&quot;sizes&quot;:[]},&quot;_transform_scaleY_effect_mobile&quot;:{&quot;unit&quot;:&quot;px&quot;,&quot;size&quot;:&quot;&quot;,&quot;sizes&quot;:[]}}\" data-widget_type=\"image.default\">\n\t\t\t\t<div class=\"elementor-widget-container\">\n\t\t\t\t\t\t\t\t\t\t\t\t\t<img fetchpriority=\"high\" decoding=\"async\" width=\"682\" height=\"1024\" src=\"https:\/\/ekamikillat.fi\/datakilta\/wp-content\/uploads\/2023\/04\/robot-robotics-lego-1206469-682x1024.jpg\" class=\"attachment-large size-large wp-image-627\" alt=\"robot, robotics, lego-1206469.jpg\" srcset=\"https:\/\/ekamikillat.fi\/datakilta\/wp-content\/uploads\/2023\/04\/robot-robotics-lego-1206469-682x1024.jpg 682w, https:\/\/ekamikillat.fi\/datakilta\/wp-content\/uploads\/2023\/04\/robot-robotics-lego-1206469-200x300.jpg 200w, https:\/\/ekamikillat.fi\/datakilta\/wp-content\/uploads\/2023\/04\/robot-robotics-lego-1206469-768x1152.jpg 768w, https:\/\/ekamikillat.fi\/datakilta\/wp-content\/uploads\/2023\/04\/robot-robotics-lego-1206469.jpg 853w\" sizes=\"(max-width: 682px) 100vw, 682px\" \/>\t\t\t\t\t\t\t\t\t\t\t\t\t<\/div>\n\t\t\t\t<\/div>\n\t\t\t\t\t<\/div>\n\t\t<\/div>\n\t\t\t\t<div class=\"elementor-column elementor-col-50 elementor-top-column elementor-element elementor-element-f355298\" data-id=\"f355298\" data-element_type=\"column\">\n\t\t\t<div class=\"elementor-widget-wrap elementor-element-populated\">\n\t\t\t\t\t\t<div class=\"elementor-element elementor-element-a0ed9b3 e-transform e-transform elementor-widget elementor-widget-text-editor\" data-id=\"a0ed9b3\" data-element_type=\"widget\" data-settings=\"{&quot;_transform_scale_effect&quot;:{&quot;unit&quot;:&quot;px&quot;,&quot;size&quot;:1,&quot;sizes&quot;:[]},&quot;_transform_scale_effect_tablet&quot;:{&quot;unit&quot;:&quot;px&quot;,&quot;size&quot;:&quot;&quot;,&quot;sizes&quot;:[]},&quot;_transform_scale_effect_mobile&quot;:{&quot;unit&quot;:&quot;px&quot;,&quot;size&quot;:&quot;&quot;,&quot;sizes&quot;:[]},&quot;_transform_skewX_effect&quot;:{&quot;unit&quot;:&quot;px&quot;,&quot;size&quot;:&quot;&quot;,&quot;sizes&quot;:[]},&quot;_transform_skewX_effect_tablet&quot;:{&quot;unit&quot;:&quot;deg&quot;,&quot;size&quot;:&quot;&quot;,&quot;sizes&quot;:[]},&quot;_transform_skewX_effect_mobile&quot;:{&quot;unit&quot;:&quot;deg&quot;,&quot;size&quot;:&quot;&quot;,&quot;sizes&quot;:[]},&quot;_transform_skewY_effect&quot;:{&quot;unit&quot;:&quot;px&quot;,&quot;size&quot;:&quot;&quot;,&quot;sizes&quot;:[]},&quot;_transform_skewY_effect_tablet&quot;:{&quot;unit&quot;:&quot;deg&quot;,&quot;size&quot;:&quot;&quot;,&quot;sizes&quot;:[]},&quot;_transform_skewY_effect_mobile&quot;:{&quot;unit&quot;:&quot;deg&quot;,&quot;size&quot;:&quot;&quot;,&quot;sizes&quot;:[]}}\" data-widget_type=\"text-editor.default\">\n\t\t\t\t<div class=\"elementor-widget-container\">\n\t\t\t\t\t\t\t<ul><li>EV3 LEGO-robotti on monipuolinen ja interaktiivinen robotiikkasarja, joka tarjoaa k\u00e4ytt\u00e4jilleen mahdollisuuden rakentaa ja ohjelmoida oman robotin.<\/li><li>Robotti voidaan ohjelmoida tekem\u00e4\u00e4n monenlaisia teht\u00e4vi\u00e4, kuten liikkumaan tietty\u00e4 reitti\u00e4 pitkin, havaitsemaan esteit\u00e4 ja suorittamaan muita sensoripohjaisia teht\u00e4vi\u00e4.\u00a0<\/li><li>EV3 LEGO-robotti on erinomainen tapa oppia robotiikan perusteita ja kehitt\u00e4\u00e4 ongelmanratkaisutaitoja.<\/li><li>EV3 LEGO-robotti ohjelmointi tarjoaa haastetta ja kehitt\u00e4\u00e4 samalla k\u00e4ytt\u00e4j\u00e4n loogista ajattelua.<\/li><\/ul>\t\t\t\t\t\t<\/div>\n\t\t\t\t<\/div>\n\t\t\t\t\t<\/div>\n\t\t<\/div>\n\t\t\t\t\t<\/div>\n\t\t<\/section>\n\t\t\t\t<\/div>\n\t\t","protected":false},"excerpt":{"rendered":"<p>EV3 LEGO-robotti on monipuolinen ja interaktiivinen robotiikkasarja, joka tarjoaa k\u00e4ytt\u00e4jilleen mahdollisuuden rakentaa ja ohjelmoida oman robotin. Robotti voidaan ohjelmoida tekem\u00e4\u00e4n monenlaisia teht\u00e4vi\u00e4, kuten liikkumaan tietty\u00e4 reitti\u00e4 pitkin, havaitsemaan esteit\u00e4 ja suorittamaan muita sensoripohjaisia teht\u00e4vi\u00e4.\u00a0 EV3 LEGO-robotti on erinomainen tapa oppia robotiikan perusteita ja kehitt\u00e4\u00e4 ongelmanratkaisutaitoja. EV3 LEGO-robotti ohjelmointi tarjoaa haastetta ja kehitt\u00e4\u00e4 samalla k\u00e4ytt\u00e4j\u00e4n loogista [&hellip;]<\/p>\n","protected":false},"author":1,"featured_media":0,"parent":0,"menu_order":0,"comment_status":"closed","ping_status":"closed","template":"","meta":{"_uag_custom_page_level_css":"","site-sidebar-layout":"no-sidebar","site-content-layout":"page-builder","ast-site-content-layout":"","site-content-style":"default","site-sidebar-style":"default","ast-global-header-display":"","ast-banner-title-visibility":"","ast-main-header-display":"","ast-hfb-above-header-display":"","ast-hfb-below-header-display":"","ast-hfb-mobile-header-display":"","site-post-title":"disabled","ast-breadcrumbs-content":"","ast-featured-img":"disabled","footer-sml-layout":"","theme-transparent-header-meta":"","adv-header-id-meta":"","stick-header-meta":"","header-above-stick-meta":"","header-main-stick-meta":"","header-below-stick-meta":"","astra-migrate-meta-layouts":"default","ast-page-background-enabled":"default","ast-page-background-meta":{"desktop":{"background-color":"var(--ast-global-color-4)","background-image":"","background-repeat":"repeat","background-position":"center center","background-size":"auto","background-attachment":"scroll","background-type":"","background-media":"","overlay-type":"","overlay-color":"","overlay-opacity":"","overlay-gradient":""},"tablet":{"background-color":"","background-image":"","background-repeat":"repeat","background-position":"center center","background-size":"auto","background-attachment":"scroll","background-type":"","background-media":"","overlay-type":"","overlay-color":"","overlay-opacity":"","overlay-gradient":""},"mobile":{"background-color":"","background-image":"","background-repeat":"repeat","background-position":"center center","background-size":"auto","background-attachment":"scroll","background-type":"","background-media":"","overlay-type":"","overlay-color":"","overlay-opacity":"","overlay-gradient":""}},"ast-content-background-meta":{"desktop":{"background-color":"var(--ast-global-color-5)","background-image":"","background-repeat":"repeat","background-position":"center center","background-size":"auto","background-attachment":"scroll","background-type":"","background-media":"","overlay-type":"","overlay-color":"","overlay-opacity":"","overlay-gradient":""},"tablet":{"background-color":"var(--ast-global-color-5)","background-image":"","background-repeat":"repeat","background-position":"center center","background-size":"auto","background-attachment":"scroll","background-type":"","background-media":"","overlay-type":"","overlay-color":"","overlay-opacity":"","overlay-gradient":""},"mobile":{"background-color":"var(--ast-global-color-5)","background-image":"","background-repeat":"repeat","background-position":"center center","background-size":"auto","background-attachment":"scroll","background-type":"","background-media":"","overlay-type":"","overlay-color":"","overlay-opacity":"","overlay-gradient":""}},"ngg_post_thumbnail":0,"footnotes":""},"class_list":["post-506","page","type-page","status-publish","hentry"],"uagb_featured_image_src":{"full":false,"thumbnail":false,"medium":false,"medium_large":false,"large":false,"1536x1536":false,"2048x2048":false,"wpvr_mobile":false},"uagb_author_info":{"display_name":"datakilta","author_link":"https:\/\/ekamikillat.fi\/datakilta\/index.php\/author\/datakilta\/"},"uagb_comment_info":0,"uagb_excerpt":"EV3 LEGO-robotti on monipuolinen ja interaktiivinen robotiikkasarja, joka tarjoaa k\u00e4ytt\u00e4jilleen mahdollisuuden rakentaa ja ohjelmoida oman robotin. Robotti voidaan ohjelmoida tekem\u00e4\u00e4n monenlaisia teht\u00e4vi\u00e4, kuten liikkumaan tietty\u00e4 reitti\u00e4 pitkin, havaitsemaan esteit\u00e4 ja suorittamaan muita sensoripohjaisia teht\u00e4vi\u00e4.\u00a0 EV3 LEGO-robotti on erinomainen tapa oppia robotiikan perusteita ja kehitt\u00e4\u00e4 ongelmanratkaisutaitoja. EV3 LEGO-robotti ohjelmointi tarjoaa haastetta ja kehitt\u00e4\u00e4 samalla k\u00e4ytt\u00e4j\u00e4n loogista&hellip;","_links":{"self":[{"href":"https:\/\/ekamikillat.fi\/datakilta\/index.php\/wp-json\/wp\/v2\/pages\/506","targetHints":{"allow":["GET"]}}],"collection":[{"href":"https:\/\/ekamikillat.fi\/datakilta\/index.php\/wp-json\/wp\/v2\/pages"}],"about":[{"href":"https:\/\/ekamikillat.fi\/datakilta\/index.php\/wp-json\/wp\/v2\/types\/page"}],"author":[{"embeddable":true,"href":"https:\/\/ekamikillat.fi\/datakilta\/index.php\/wp-json\/wp\/v2\/users\/1"}],"replies":[{"embeddable":true,"href":"https:\/\/ekamikillat.fi\/datakilta\/index.php\/wp-json\/wp\/v2\/comments?post=506"}],"version-history":[{"count":41,"href":"https:\/\/ekamikillat.fi\/datakilta\/index.php\/wp-json\/wp\/v2\/pages\/506\/revisions"}],"predecessor-version":[{"id":690,"href":"https:\/\/ekamikillat.fi\/datakilta\/index.php\/wp-json\/wp\/v2\/pages\/506\/revisions\/690"}],"wp:attachment":[{"href":"https:\/\/ekamikillat.fi\/datakilta\/index.php\/wp-json\/wp\/v2\/media?parent=506"}],"curies":[{"name":"wp","href":"https:\/\/api.w.org\/{rel}","templated":true}]}}