{"id":29,"date":"2021-03-15T14:41:25","date_gmt":"2021-03-15T14:41:25","guid":{"rendered":"http:\/\/ekamikillat.fi\/datakilta\/?page_id=29"},"modified":"2021-04-08T11:57:48","modified_gmt":"2021-04-08T11:57:48","slug":"yhteystiedot","status":"publish","type":"page","link":"https:\/\/ekamikillat.fi\/datakilta\/index.php\/yhteystiedot\/","title":{"rendered":"Yhteystiedot"},"content":{"rendered":"\n<div class=\"wp-block-image\"><figure class=\"alignright\"><img decoding=\"async\" src=\"https:\/\/www.datakiltahamina.com\/api\/thumbnail?img=\/files\/datakiltahamina.kotisivukone.com\/K_siipi.JPG&amp;width=380\" alt=\"\"\/><\/figure><\/div>\n\n\n\n<p><strong>Tiimip\u00e4\u00e4llikk\u00f6:<\/strong><\/p>\n\n\n\n<p>Virve Eronen<\/p>\n\n\n\n<ul class=\"wp-block-list\"><li>puh. +358 44763 3059<\/li><li>virve.eronen (at) ekami.fi<\/li><\/ul>\n\n\n\n<p><strong>Opettajat:<\/strong><br>Risto Niinisaari<\/p>\n\n\n\n<ul class=\"wp-block-list\"><li>puh. +358 40721 5073<\/li><li>risto.niinisaari (at) ekami.fi<\/li><\/ul>\n\n\n\n<p>Jarmo Heinikoski<\/p>\n\n\n\n<ul class=\"wp-block-list\"><li>puh. +358 50576 5448<\/li><li>jarmo.heinikoski (at) ekami.fi<\/li><\/ul>\n\n\n\n<p>Isto Haaja<\/p>\n\n\n\n<ul class=\"wp-block-list\"><li>puh. +358 40704 8379<\/li><li>isto.haaja (at) ekami.fi<\/li><\/ul>\n\n\n\n<p>Jukka Ylipiha<\/p>\n\n\n\n<ul class=\"wp-block-list\"><li>puh. +358 44719 9801<\/li><li>jukka.ylipiha (at) ekami.fi<\/li><\/ul>\n\n\n\n<p><\/p>\n","protected":false},"excerpt":{"rendered":"<p>Tiimip\u00e4\u00e4llikk\u00f6: Virve Eronen puh. +358 44763 3059 virve.eronen (at) ekami.fi Opettajat:Risto Niinisaari puh. +358 40721 5073 risto.niinisaari (at) ekami.fi Jarmo Heinikoski puh. +358 50576 5448 jarmo.heinikoski (at) ekami.fi Isto Haaja puh. +358 40704 8379 isto.haaja (at) ekami.fi Jukka Ylipiha puh. +358 44719 9801 jukka.ylipiha (at) ekami.fi<\/p>\n","protected":false},"author":1,"featured_media":0,"parent":0,"menu_order":5,"comment_status":"closed","ping_status":"closed","template":"","meta":{"_uag_custom_page_level_css":"","site-sidebar-layout":"default","site-content-layout":"","ast-site-content-layout":"","site-content-style":"default","site-sidebar-style":"default","ast-global-header-display":"","ast-banner-title-visibility":"","ast-main-header-display":"","ast-hfb-above-header-display":"","ast-hfb-below-header-display":"","ast-hfb-mobile-header-display":"","site-post-title":"","ast-breadcrumbs-content":"","ast-featured-img":"","footer-sml-layout":"","theme-transparent-header-meta":"","adv-header-id-meta":"","stick-header-meta":"","header-above-stick-meta":"","header-main-stick-meta":"","header-below-stick-meta":"","astra-migrate-meta-layouts":"default","ast-page-background-enabled":"default","ast-page-background-meta":{"desktop":{"background-color":"var(--ast-global-color-4)","background-image":"","background-repeat":"repeat","background-position":"center center","background-size":"auto","background-attachment":"scroll","background-type":"","background-media":"","overlay-type":"","overlay-color":"","overlay-opacity":"","overlay-gradient":""},"tablet":{"background-color":"","background-image":"","background-repeat":"repeat","background-position":"center center","background-size":"auto","background-attachment":"scroll","background-type":"","background-media":"","overlay-type":"","overlay-color":"","overlay-opacity":"","overlay-gradient":""},"mobile":{"background-color":"","background-image":"","background-repeat":"repeat","background-position":"center center","background-size":"auto","background-attachment":"scroll","background-type":"","background-media":"","overlay-type":"","overlay-color":"","overlay-opacity":"","overlay-gradient":""}},"ast-content-background-meta":{"desktop":{"background-color":"var(--ast-global-color-5)","background-image":"","background-repeat":"repeat","background-position":"center center","background-size":"auto","background-attachment":"scroll","background-type":"","background-media":"","overlay-type":"","overlay-color":"","overlay-opacity":"","overlay-gradient":""},"tablet":{"background-color":"var(--ast-global-color-5)","background-image":"","background-repeat":"repeat","background-position":"center center","background-size":"auto","background-attachment":"scroll","background-type":"","background-media":"","overlay-type":"","overlay-color":"","overlay-opacity":"","overlay-gradient":""},"mobile":{"background-color":"var(--ast-global-color-5)","background-image":"","background-repeat":"repeat","background-position":"center center","background-size":"auto","background-attachment":"scroll","background-type":"","background-media":"","overlay-type":"","overlay-color":"","overlay-opacity":"","overlay-gradient":""}},"ngg_post_thumbnail":0,"footnotes":""},"class_list":["post-29","page","type-page","status-publish","hentry"],"uagb_featured_image_src":{"full":false,"thumbnail":false,"medium":false,"medium_large":false,"large":false,"1536x1536":false,"2048x2048":false,"wpvr_mobile":false},"uagb_author_info":{"display_name":"datakilta","author_link":"https:\/\/ekamikillat.fi\/datakilta\/index.php\/author\/datakilta\/"},"uagb_comment_info":0,"uagb_excerpt":"Tiimip\u00e4\u00e4llikk\u00f6: Virve Eronen puh. +358 44763 3059 virve.eronen (at) ekami.fi Opettajat:Risto Niinisaari puh. +358 40721 5073 risto.niinisaari (at) ekami.fi Jarmo Heinikoski puh. +358 50576 5448 jarmo.heinikoski (at) ekami.fi Isto Haaja puh. +358 40704 8379 isto.haaja (at) ekami.fi Jukka Ylipiha puh. +358 44719 9801 jukka.ylipiha (at) ekami.fi","_links":{"self":[{"href":"https:\/\/ekamikillat.fi\/datakilta\/index.php\/wp-json\/wp\/v2\/pages\/29","targetHints":{"allow":["GET"]}}],"collection":[{"href":"https:\/\/ekamikillat.fi\/datakilta\/index.php\/wp-json\/wp\/v2\/pages"}],"about":[{"href":"https:\/\/ekamikillat.fi\/datakilta\/index.php\/wp-json\/wp\/v2\/types\/page"}],"author":[{"embeddable":true,"href":"https:\/\/ekamikillat.fi\/datakilta\/index.php\/wp-json\/wp\/v2\/users\/1"}],"replies":[{"embeddable":true,"href":"https:\/\/ekamikillat.fi\/datakilta\/index.php\/wp-json\/wp\/v2\/comments?post=29"}],"version-history":[{"count":7,"href":"https:\/\/ekamikillat.fi\/datakilta\/index.php\/wp-json\/wp\/v2\/pages\/29\/revisions"}],"predecessor-version":[{"id":183,"href":"https:\/\/ekamikillat.fi\/datakilta\/index.php\/wp-json\/wp\/v2\/pages\/29\/revisions\/183"}],"wp:attachment":[{"href":"https:\/\/ekamikillat.fi\/datakilta\/index.php\/wp-json\/wp\/v2\/media?parent=29"}],"curies":[{"name":"wp","href":"https:\/\/api.w.org\/{rel}","templated":true}]}}