{"id":23,"date":"2021-03-15T14:40:32","date_gmt":"2021-03-15T14:40:32","guid":{"rendered":"http:\/\/ekamikillat.fi\/datakilta\/?page_id=23"},"modified":"2022-08-23T09:42:55","modified_gmt":"2022-08-23T09:42:55","slug":"tivi-koulutus","status":"publish","type":"page","link":"https:\/\/ekamikillat.fi\/datakilta\/index.php\/tivi-koulutus\/","title":{"rendered":"TiVi koulutus"},"content":{"rendered":"\t\t<div data-elementor-type=\"wp-page\" data-elementor-id=\"23\" class=\"elementor elementor-23\">\n\t\t\t\t\t\t<section class=\"elementor-section elementor-top-section elementor-element elementor-element-45a748b8 elementor-section-boxed elementor-section-height-default elementor-section-height-default\" data-id=\"45a748b8\" data-element_type=\"section\">\n\t\t\t\t\t\t<div class=\"elementor-container elementor-column-gap-default\">\n\t\t\t\t\t<div class=\"elementor-column elementor-col-100 elementor-top-column elementor-element elementor-element-14e09a2\" data-id=\"14e09a2\" data-element_type=\"column\">\n\t\t\t<div class=\"elementor-widget-wrap elementor-element-populated\">\n\t\t\t\t\t\t<div class=\"elementor-element elementor-element-7d93adac elementor-widget elementor-widget-text-editor\" data-id=\"7d93adac\" data-element_type=\"widget\" data-widget_type=\"text-editor.default\">\n\t\t\t\t<div class=\"elementor-widget-container\">\n\t\t\t\t\t\t\t<p><!-- wp:heading --><\/p>\n<h3>Alla tietoa\u00a0 Tieto- ja viestint\u00e4tekniikan koulutuksen sis\u00e4ll\u00f6st\u00e4!<\/h3>\n<p><!-- \/wp:heading --><\/p>\n<p><!-- wp:image {\"align\":\"left\"} --><\/p>\n<div>\n<figure><span style=\"font-style: inherit; font-weight: inherit; color: var( --e-global-color-text ); font-family: var( --e-global-typography-text-font-family ), Sans-serif; background-color: var(--ast-global-color-5);\">Syksyll\u00e4 2020 Datanomin koulutus muuttui Tieto- ja viestint\u00e4tekniikan perustutkinnoksi (TiVi). Yhteisten opinto-osuuksien j\u00e4lkeen Ekamilla voi valmistua nimikkeill\u00e4 IT-tukihenkil\u00f6 tai tietoverkkoasentaja.<\/span><\/figure>\n<p>\u00a0<\/p>\n<p>IT-tukihenkil\u00f6 ratkaisee laite- ja verkko-ongelmia, yll\u00e4pit\u00e4\u00e4 palvelimia ja tietokantoja, tai voi ty\u00f6skennell\u00e4 ohjelmistojen ja elektroniikan myynnin puolella.<\/p>\n<p>Tietoverkkoasentaja hallitsee laitteiden ja verkkojen asennuksen ja k\u00e4ytt\u00f6\u00f6noton, tietoliikenneyhteyksien yll\u00e4pidon ja ymm\u00e4rt\u00e4\u00e4 miten esineiden internet, eli IoT (Internet of Things) toimii.<\/p>\n<p>\u00a0<\/p>\n<p>Opiskelijalta vaaditaan loogista ajattelua, k\u00e4dentaitoja, harkitsevaisuutta, englannin kielen osaamista, yhteisty\u00f6- ja vuorovaikutustaitoja.<\/p>\n<\/div>\n<figure><\/figure>\n<p><!-- \/wp:embed --><\/p>\n<p><!-- wp:image {\"align\":\"left\"} --><\/p>\n<div>\u00a0<\/div>\n<p><!-- \/wp:image --><\/p>\n<p><!-- wp:paragraph --><\/p>\n<h4 style=\"text-align: center;\" align=\"center\"><b><span style=\"font-size: 14.0pt; line-height: 107%;\">TiVi-opinnot Ekamilla<\/span><\/b><b><span style=\"font-size: 14.0pt; line-height: 107%;\">\u00a0<\/span><\/b><\/h4>\n<p>Tieto- ja viestint\u00e4tekniikan alaa voit opiskella Ekamissa<br \/>Haminan kampuksella. Voit hankkia osaamista oppilaitosymp\u00e4rist\u00f6ss\u00e4,<br \/>verkko-oppimisymp\u00e4rist\u00f6ss\u00e4 (It\u2019s Learning) ja ty\u00f6el\u00e4m\u00e4ss\u00e4.<\/p>\n<p><!-- \/wp:paragraph --><\/p>\n<p><!-- wp:image {\"align\":\"left\"} --><\/p>\n<div>\n<figure><img decoding=\"async\" class=\"aligncenter\" src=\"https:\/\/www.datakiltahamina.com\/api\/thumbnail?img=\/files\/datakiltahamina.kotisivukone.com\/palvelinymprist.png&amp;width=268\" alt=\"\" \/><\/figure>\n<\/div>\n<p><!-- \/wp:image --><\/p>\n<p><!-- wp:paragraph --><\/p>\n<p><strong>Palvelinymp\u00e4rist\u00f6t ja virtualisointi<\/strong><\/p>\n<p><!-- \/wp:paragraph --><\/p>\n<p><!-- wp:paragraph --><\/p>\n<p>Palvelin opetuksessa harjoittelemme sek\u00e4 Windows, ett\u00e4 Linux palvelimien asennusta ja konfigurointia. Opintokokonaisuuteen kuuluu my\u00f6s isona osana virtualisointi ja pilvipalvelimet.<\/p>\n<p><!-- \/wp:paragraph --><\/p>\n<p><!-- wp:paragraph --><\/p>\n<p>Haminan kampuksen uusi &#8220;Google&#8221; mini data-center tarjoaa loistavat puitteet palvelin puolen harjoitteluun.<\/p>\n<p><!-- \/wp:paragraph --><\/p>\n<p><!-- wp:embed {\"url\":\"https:\/\/www.youtube.com\/watch?v=gP9S-PaXZtM\",\"type\":\"video\",\"providerNameSlug\":\"youtube\",\"responsive\":true,\"className\":\"wp-embed-aspect-16-9 wp-has-aspect-ratio\"} --><\/p>\n<figure>\n<div>\u00a0<\/div>\n<\/figure>\n<p><!-- \/wp:embed --><\/p>\n<p><!-- wp:image {\"align\":\"left\",\"width\":366,\"height\":234} --><\/p>\n<div>\n<figure><img fetchpriority=\"high\" decoding=\"async\" class=\"aligncenter\" src=\"https:\/\/www.datakiltahamina.com\/api\/thumbnail?img=\/files\/datakiltahamina.kotisivukone.com\/asiakaspalvelu.png&amp;width=354\" alt=\"\" width=\"366\" height=\"234\" \/><\/figure>\n<\/div>\n<p><!-- \/wp:image --><\/p>\n<p><!-- wp:paragraph --><\/p>\n<p>\u00a0<\/p>\n<p><strong>Projektity\u00f6skentely ja Helpdesk<\/strong><\/p>\n<p><!-- \/wp:paragraph --><\/p>\n<p><!-- wp:paragraph --><\/p>\n<p>Opintojen aikana opiskelijat p\u00e4\u00e4sev\u00e4t tekem\u00e4\u00e4n yritysten kautta tulleita toimeksiantoja ja toimimaan helpdesk henkil\u00f6in\u00e4. T\u00e4st\u00e4 loistavana esimerkkin\u00e4 <a href=\"https:\/\/ekamikillat.fi\/datakilta\/index.php\/digitutor\/\">Digitutor<\/a> -toiminta.<\/p>\n<p><!-- \/wp:paragraph --><\/p>\n<p><!-- wp:paragraph {\"align\":\"left\"} --><\/p>\n<p>Yritystoimeksi annot tehd\u00e4\u00e4n ty\u00f6harjoittelu, iltaty\u00f6 tai stipendi periaatteella jossa opiskelijat saavat kev\u00e4\u00e4ll\u00e4 palkaksi yrityksen my\u00f6nt\u00e4mi\u00e4 stipendej\u00e4.<\/p>\n<p>\u00a0<\/p>\n<p><strong>Median mallinnus ja tulostus<\/strong><\/p>\n<p><strong>\u00a0<\/strong>Opimme tekem\u00e4\u00e4n ty\u00f6vaiheista kattavat dokumentit ja tulostamaan ne niin s\u00e4hk\u00f6isen\u00e4 kuin fyysisen\u00e4kin. Ekamin Haminan kampuksen Sanbox tarjoaa oppilaille mahdollisuuden kokeilla muunmuassa 3D-tulostusta, itsesuunnittelemistaan malleista.<\/p>\n<p>\u00a0<\/p>\n<p><!-- \/wp:paragraph --><\/p>\n<p><!-- wp:paragraph --><\/p>\n<p><!-- \/wp:paragraph --><\/p>\n<p><!-- wp:image {\"align\":\"left\",\"width\":481,\"height\":207} --><\/p>\n<p><!-- \/wp:image --><\/p>\n<p><!-- wp:paragraph --><\/p>\n<p><strong>Lukio ja korkeakouluopinnot<\/strong><\/p>\n<p><!-- \/wp:paragraph --><\/p>\n<p><!-- wp:paragraph --><\/p>\n<p>Olemme ainoa Ekamin osasto joka nykyisell\u00e4\u00e4n sijaitsee lukion kanssa samassa rakennuksessa Ekamin Haminan kampuksella.<\/p>\n<p><!-- \/wp:paragraph --><\/p>\n<p><!-- wp:paragraph --><\/p>\n<p>Datanomi opiskelijoilla on mahdollisuus suorittaa kaksoistutkinto (ammattilukio) Haminan lukiossa.<\/p>\n<p><!-- \/wp:paragraph --><\/p>\n<p><!-- wp:paragraph --><\/p>\n<p>Xamk tarjoaa siltaopintoja ammattikorkeakouluun, jolloin osa viimeisen vuoden opinnoista voi tapahtuu ammattikorkeakoulussa.<\/p>\n<p><!-- \/wp:paragraph --><\/p>\t\t\t\t\t\t<\/div>\n\t\t\t\t<\/div>\n\t\t\t\t\t<\/div>\n\t\t<\/div>\n\t\t\t\t\t<\/div>\n\t\t<\/section>\n\t\t\t\t<\/div>\n\t\t","protected":false},"excerpt":{"rendered":"<p>Alla tietoa\u00a0 Tieto- ja viestint\u00e4tekniikan koulutuksen sis\u00e4ll\u00f6st\u00e4! TiVi-opinnot Ekamilla\u00a0 Tieto- ja viestint\u00e4tekniikan alaa voit opiskella EkamissaHaminan kampuksella. Voit hankkia osaamista oppilaitosymp\u00e4rist\u00f6ss\u00e4,verkko-oppimisymp\u00e4rist\u00f6ss\u00e4 (It\u2019s Learning) ja ty\u00f6el\u00e4m\u00e4ss\u00e4. Palvelinymp\u00e4rist\u00f6t ja virtualisointi Palvelin opetuksessa harjoittelemme sek\u00e4 Windows, ett\u00e4 Linux palvelimien asennusta ja konfigurointia. Opintokokonaisuuteen kuuluu my\u00f6s isona osana virtualisointi ja pilvipalvelimet. Haminan kampuksen uusi &#8220;Google&#8221; mini data-center tarjoaa loistavat [&hellip;]<\/p>\n","protected":false},"author":1,"featured_media":0,"parent":0,"menu_order":2,"comment_status":"closed","ping_status":"closed","template":"","meta":{"_uag_custom_page_level_css":"","site-sidebar-layout":"default","site-content-layout":"","ast-site-content-layout":"","site-content-style":"default","site-sidebar-style":"default","ast-global-header-display":"","ast-banner-title-visibility":"","ast-main-header-display":"","ast-hfb-above-header-display":"","ast-hfb-below-header-display":"","ast-hfb-mobile-header-display":"","site-post-title":"","ast-breadcrumbs-content":"","ast-featured-img":"","footer-sml-layout":"","theme-transparent-header-meta":"","adv-header-id-meta":"","stick-header-meta":"","header-above-stick-meta":"","header-main-stick-meta":"","header-below-stick-meta":"","astra-migrate-meta-layouts":"default","ast-page-background-enabled":"default","ast-page-background-meta":{"desktop":{"background-color":"var(--ast-global-color-4)","background-image":"","background-repeat":"repeat","background-position":"center center","background-size":"auto","background-attachment":"scroll","background-type":"","background-media":"","overlay-type":"","overlay-color":"","overlay-opacity":"","overlay-gradient":""},"tablet":{"background-color":"","background-image":"","background-repeat":"repeat","background-position":"center center","background-size":"auto","background-attachment":"scroll","background-type":"","background-media":"","overlay-type":"","overlay-color":"","overlay-opacity":"","overlay-gradient":""},"mobile":{"background-color":"","background-image":"","background-repeat":"repeat","background-position":"center center","background-size":"auto","background-attachment":"scroll","background-type":"","background-media":"","overlay-type":"","overlay-color":"","overlay-opacity":"","overlay-gradient":""}},"ast-content-background-meta":{"desktop":{"background-color":"var(--ast-global-color-5)","background-image":"","background-repeat":"repeat","background-position":"center center","background-size":"auto","background-attachment":"scroll","background-type":"","background-media":"","overlay-type":"","overlay-color":"","overlay-opacity":"","overlay-gradient":""},"tablet":{"background-color":"var(--ast-global-color-5)","background-image":"","background-repeat":"repeat","background-position":"center center","background-size":"auto","background-attachment":"scroll","background-type":"","background-media":"","overlay-type":"","overlay-color":"","overlay-opacity":"","overlay-gradient":""},"mobile":{"background-color":"var(--ast-global-color-5)","background-image":"","background-repeat":"repeat","background-position":"center center","background-size":"auto","background-attachment":"scroll","background-type":"","background-media":"","overlay-type":"","overlay-color":"","overlay-opacity":"","overlay-gradient":""}},"ngg_post_thumbnail":0,"footnotes":""},"class_list":["post-23","page","type-page","status-publish","hentry"],"uagb_featured_image_src":{"full":false,"thumbnail":false,"medium":false,"medium_large":false,"large":false,"1536x1536":false,"2048x2048":false,"wpvr_mobile":false},"uagb_author_info":{"display_name":"datakilta","author_link":"https:\/\/ekamikillat.fi\/datakilta\/index.php\/author\/datakilta\/"},"uagb_comment_info":0,"uagb_excerpt":"Alla tietoa\u00a0 Tieto- ja viestint\u00e4tekniikan koulutuksen sis\u00e4ll\u00f6st\u00e4! TiVi-opinnot Ekamilla\u00a0 Tieto- ja viestint\u00e4tekniikan alaa voit opiskella EkamissaHaminan kampuksella. Voit hankkia osaamista oppilaitosymp\u00e4rist\u00f6ss\u00e4,verkko-oppimisymp\u00e4rist\u00f6ss\u00e4 (It\u2019s Learning) ja ty\u00f6el\u00e4m\u00e4ss\u00e4. Palvelinymp\u00e4rist\u00f6t ja virtualisointi Palvelin opetuksessa harjoittelemme sek\u00e4 Windows, ett\u00e4 Linux palvelimien asennusta ja konfigurointia. Opintokokonaisuuteen kuuluu my\u00f6s isona osana virtualisointi ja pilvipalvelimet. Haminan kampuksen uusi &#8220;Google&#8221; mini data-center tarjoaa loistavat&hellip;","_links":{"self":[{"href":"https:\/\/ekamikillat.fi\/datakilta\/index.php\/wp-json\/wp\/v2\/pages\/23","targetHints":{"allow":["GET"]}}],"collection":[{"href":"https:\/\/ekamikillat.fi\/datakilta\/index.php\/wp-json\/wp\/v2\/pages"}],"about":[{"href":"https:\/\/ekamikillat.fi\/datakilta\/index.php\/wp-json\/wp\/v2\/types\/page"}],"author":[{"embeddable":true,"href":"https:\/\/ekamikillat.fi\/datakilta\/index.php\/wp-json\/wp\/v2\/users\/1"}],"replies":[{"embeddable":true,"href":"https:\/\/ekamikillat.fi\/datakilta\/index.php\/wp-json\/wp\/v2\/comments?post=23"}],"version-history":[{"count":24,"href":"https:\/\/ekamikillat.fi\/datakilta\/index.php\/wp-json\/wp\/v2\/pages\/23\/revisions"}],"predecessor-version":[{"id":434,"href":"https:\/\/ekamikillat.fi\/datakilta\/index.php\/wp-json\/wp\/v2\/pages\/23\/revisions\/434"}],"wp:attachment":[{"href":"https:\/\/ekamikillat.fi\/datakilta\/index.php\/wp-json\/wp\/v2\/media?parent=23"}],"curies":[{"name":"wp","href":"https:\/\/api.w.org\/{rel}","templated":true}]}}